{"id":1272,"date":"2023-02-17T14:05:59","date_gmt":"2023-02-17T14:05:59","guid":{"rendered":"https:\/\/www.dge.se\/?page_id=1272"},"modified":"2025-10-14T08:48:49","modified_gmt":"2025-10-14T08:48:49","slug":"periodic-compliance-inspections","status":"publish","type":"page","link":"https:\/\/www.dge.se\/en\/services\/inspections-and-audits\/periodic-compliance-inspections\/","title":{"rendered":"Periodic compliance inspections"},"content":{"rendered":"<section class=\"section\">\n    <div class=\"container\">\n                                    <div class=\"rich-text rich-text--right\" data-fade>\n                    <h1>Periodic compliance inspections<\/h1>\n<p>The inspection is an indication of how well you are fulfilling requirements, for example according to your environmental permit, and how effective your self-inspections are. It also prepares you for future requirements, such as verification against the BAT conclusions and forthcoming legal changes.<\/p>\n                <\/div>\n                        <\/div>\n<\/section>\n\n<section class=\"section\">\n    <div class=\"container\" data-fade>\n        <figure class=\"relative min-h-[115px] pb-[30%] bg-beige-200 rounded-tr-full rounded-br-full md:rounded-none\">\n                            <img decoding=\"async\" width=\"2000\" height=\"771\" src=\"https:\/\/www.dge.se\/wp-content\/uploads\/2022\/12\/periodisk-intro.jpg\" class=\"absolute w-full h-full inset-0 object-cover object-center rounded-tr-full rounded-br-full md:rounded-none\" alt=\"\" srcset=\"https:\/\/www.dge.se\/wp-content\/uploads\/2022\/12\/periodisk-intro.jpg 2000w, https:\/\/www.dge.se\/wp-content\/uploads\/2022\/12\/periodisk-intro-300x116.jpg 300w, https:\/\/www.dge.se\/wp-content\/uploads\/2022\/12\/periodisk-intro-1024x395.jpg 1024w, https:\/\/www.dge.se\/wp-content\/uploads\/2022\/12\/periodisk-intro-768x296.jpg 768w, https:\/\/www.dge.se\/wp-content\/uploads\/2022\/12\/periodisk-intro-1536x592.jpg 1536w, https:\/\/www.dge.se\/wp-content\/uploads\/2022\/12\/periodisk-intro-1000x386.jpg 1000w, https:\/\/www.dge.se\/wp-content\/uploads\/2022\/12\/periodisk-intro-700x270.jpg 700w, https:\/\/www.dge.se\/wp-content\/uploads\/2022\/12\/periodisk-intro-500x193.jpg 500w, https:\/\/www.dge.se\/wp-content\/uploads\/2022\/12\/periodisk-intro-1300x501.jpg 1300w\" sizes=\"(max-width: 2000px) 100vw, 2000px\" \/>            \n                            <div class=\"absolute h-full top-0 -right-[1px] z-10 md:w-36 md:h-auto md:-top-6 md:-right-6 lg:w-48 lg:-top-8 lg:-right-8 xl:w-56 xl:-top-10 xl:-right-10 animate-spin-slow\">\n                    <svg viewBox=\"0 0 100 100\" role=\"img\" aria-hidden=\"true\" class=\"h-full md:w-full md:h-auto\">\n                        <use href=\"https:\/\/www.dge.se\/wp-content\/themes\/dge\/dist\/img\/sprites.svg#badge-besiktningar-revisioner\"><\/use>\n                    <\/svg>\n                <\/div>\n                    <\/figure>\n    <\/div>\n<\/section>\n\n<section class=\"section\">\n    <div class=\"container\">\n                                    <div class=\"rich-text\" data-fade>\n                    <h2>How DGE can help:<\/h2>\n<p>Our inspectors are impartial and objective with broad and deep knowledge of most areas and industries. Our working methods are well-developed and structured, and are also well-known and accepted by the environmental inspection authorities.<\/p>\n<p>Our inspection reports are easy to read and follow an established structure where any deviations or comments are clearly reported. But they also describe opportunities for improvement within self-inspection and highlight areas deserving of praise. Making a difference and adding customer value are our guiding principles!<\/p>\n<h2>What you should consider:<\/h2>\n<p>The inspection can be carried out as a comprehensive review of the business. It can also be individually adapted in consultation with the regulatory authority to be carried out on a specific focus area, such as waste management, specific processes in the business or simply geographically limited areas in a larger organisation.<\/p>\n<p>As a customer all you do is send over the requested information, convene the people you want at the inspection&#8230; and we handle the rest!<\/p>\n<p>&nbsp;<\/p>\n                <\/div>\n                        <\/div>\n<\/section>\n\n<section class=\"section\">\n    <div class=\"container\">\n                    <div class=\"rich-text\">\n\t\t\t\t<h3 class=\"!mb-4 lg:!mb-6 xl:!mb-8\" data-fade>\n                    More services within Inspections and audits                <\/h3>\n            <\/div>\n        \n                    <div class=\"grid gap-y-4 lg:grid-cols-2 lg:gap-x-4 lg:gap-y-12 xl:grid-cols-3\">\n                                    <div class=\"group relative before:block before:pb-[120%]\" data-fade>\n                                            <figure class=\"absolute inset-0 bg-black\">\n                            <img decoding=\"async\" width=\"1000\" height=\"1184\" src=\"https:\/\/www.dge.se\/wp-content\/uploads\/2022\/12\/besiktning-revision-teaser.jpg\" class=\"block w-full h-full object-cover object-center transition-all duration-500 lg:group-hover:opacity-60\" alt=\"\" srcset=\"https:\/\/www.dge.se\/wp-content\/uploads\/2022\/12\/besiktning-revision-teaser.jpg 1000w, https:\/\/www.dge.se\/wp-content\/uploads\/2022\/12\/besiktning-revision-teaser-253x300.jpg 253w, https:\/\/www.dge.se\/wp-content\/uploads\/2022\/12\/besiktning-revision-teaser-865x1024.jpg 865w, https:\/\/www.dge.se\/wp-content\/uploads\/2022\/12\/besiktning-revision-teaser-768x909.jpg 768w, https:\/\/www.dge.se\/wp-content\/uploads\/2022\/12\/besiktning-revision-teaser-700x829.jpg 700w, https:\/\/www.dge.se\/wp-content\/uploads\/2022\/12\/besiktning-revision-teaser-500x592.jpg 500w, https:\/\/www.dge.se\/wp-content\/uploads\/2022\/12\/besiktning-revision-teaser-760x900.jpg 760w\" sizes=\"(max-width: 1000px) 100vw, 1000px\" \/>                        <\/figure>\n                                        <div class=\"rich-text flex items-end absolute inset-0 z-10 p-4 text-white overflow-hidden sm:p-8 lg:p-10\">\n                        <div class=\"relative w-full translate-y-full transition-transform duration-500 group-hover:translate-y-0\">\n                                                            <h4 class=\"absolute bottom-full\">Environmental, working environment, energy, quality and sustainability audits<\/h4>\n                                                                                <\/div>\n                    <\/div>\n                                            <a href=\"https:\/\/www.dge.se\/en\/services\/inspections-and-audits\/environmental-working-environment-energy-quality-and-sustainability-audits\/\" target=\"\" class=\"absolute z-20 inset-0\" aria-label=\"Revisioner milj\u00f6, arbetmilj\u00f6, energi, kvalitet och h\u00e5llbarhet\"><\/a>\n                                        <div class=\"absolute w-full h-1\/2 bottom-0 left-0 bg-gradient-to-t from-black pointer-events-none\"><\/div>\n                <\/div>\n                    <\/div>\n    <\/div>\n<\/section>","protected":false},"excerpt":{"rendered":"","protected":false},"author":8,"featured_media":0,"parent":1268,"menu_order":10,"comment_status":"closed","ping_status":"closed","template":"","meta":{"_acf_changed":false,"footnotes":""},"class_list":["post-1272","page","type-page","status-publish","hentry"],"acf":[],"_links":{"self":[{"href":"https:\/\/www.dge.se\/en\/wp-json\/wp\/v2\/pages\/1272","targetHints":{"allow":["GET"]}}],"collection":[{"href":"https:\/\/www.dge.se\/en\/wp-json\/wp\/v2\/pages"}],"about":[{"href":"https:\/\/www.dge.se\/en\/wp-json\/wp\/v2\/types\/page"}],"author":[{"embeddable":true,"href":"https:\/\/www.dge.se\/en\/wp-json\/wp\/v2\/users\/8"}],"replies":[{"embeddable":true,"href":"https:\/\/www.dge.se\/en\/wp-json\/wp\/v2\/comments?post=1272"}],"version-history":[{"count":5,"href":"https:\/\/www.dge.se\/en\/wp-json\/wp\/v2\/pages\/1272\/revisions"}],"predecessor-version":[{"id":3111,"href":"https:\/\/www.dge.se\/en\/wp-json\/wp\/v2\/pages\/1272\/revisions\/3111"}],"up":[{"embeddable":true,"href":"https:\/\/www.dge.se\/en\/wp-json\/wp\/v2\/pages\/1268"}],"wp:attachment":[{"href":"https:\/\/www.dge.se\/en\/wp-json\/wp\/v2\/media?parent=1272"}],"curies":[{"name":"wp","href":"https:\/\/api.w.org\/{rel}","templated":true}]}}